{"id":36,"date":"2020-07-07T17:52:26","date_gmt":"2020-07-07T15:52:26","guid":{"rendered":"https:\/\/daniel.debaste.be\/?page_id=36"},"modified":"2020-10-21T13:57:47","modified_gmt":"2020-10-21T11:57:47","slug":"050-et-si-linux-ne-me-convient-pas","status":"publish","type":"page","link":"https:\/\/daniel.debaste.be\/?page_id=36","title":{"rendered":"Et si Linux ne me convient pas ?"},"content":{"rendered":"\n<p>Si c\u2019est\u00a0<em>Windows<\/em>\u00a0et non l\u2019ordinateur qui pose probl\u00e8me, le mieux est de vous adresser \u00e0 un sp\u00e9cialiste\u00a0<em>Windows<\/em>. Vous pouvez en trouver qui travaillent gratuitement, comme je le fais pour Linux. Les <a rel=\"noreferrer noopener\" href=\"https:\/\/repaircafe.org\/fr\/\" target=\"_blank\">Repair Caf\u00e9s<\/a> sont un bon point de d\u00e9part. <\/p>\n\n\n\n<p>En cas d&#8217;\u00e9chec de la r\u00e9paration de <em>Windows<\/em>, il vous reste \u00e0 acheter un ordinateur&nbsp;<em>Windows<\/em>&nbsp;o\u00f9 la version actuelle de <em>Windows<\/em> sera d\u00e9j\u00e0 install\u00e9e. <\/p>\n\n\n\n<p>Ne jetez pas pour autant l&#8217;ordinateur. Je suis preneur et je m&#8217;engage  \u00e0 redonner une nouvelle vie \u00e0 votre machine&nbsp;:<\/p>\n\n\n\n<ul class=\"wp-block-list\"><li>Aupr\u00e8s de familles d\u00e9favoris\u00e9es via l\u2019Association \u00ab <em>Solidarinux<\/em>\u00bb;<\/li><li>Transport\u00e9e au Niger, pour les citoyens n\u00e9cessiteux, via l\u2019Association Devenir.be. C&#8217;est aussi un soutien \u00e0 la d\u00e9mocratie car les principaux destinataires sont des journalistes.<\/li><\/ul>\n\n\n\n<p><span style=\"text-decoration: underline;\">A suivre<\/span> :<\/p>\n\n\n\n<ul class=\"wp-block-list\"><li><a href=\"https:\/\/daniel.debaste.be\/?page_id=40\">Tout cela gratuitement ?<\/a><\/li><\/ul>\n","protected":false},"excerpt":{"rendered":"<p>Si c\u2019est\u00a0Windows\u00a0et non l\u2019ordinateur qui pose probl\u00e8me, le mieux est de vous adresser \u00e0 un sp\u00e9cialiste\u00a0Windows. Vous pouvez en trouver qui travaillent gratuitement, comme je le fais pour Linux. Les Repair Caf\u00e9s sont un bon point de d\u00e9part. En cas d&#8217;\u00e9chec de la r\u00e9paration de Windows, il vous reste \u00e0 acheter un ordinateur&nbsp;Windows&nbsp;o\u00f9 la version&hellip; <\/p>\n","protected":false},"author":1,"featured_media":0,"parent":18,"menu_order":4,"comment_status":"closed","ping_status":"closed","template":"","meta":{"footnotes":""},"class_list":["post-36","page","type-page","status-publish","hentry"],"_links":{"self":[{"href":"https:\/\/daniel.debaste.be\/index.php?rest_route=\/wp\/v2\/pages\/36"}],"collection":[{"href":"https:\/\/daniel.debaste.be\/index.php?rest_route=\/wp\/v2\/pages"}],"about":[{"href":"https:\/\/daniel.debaste.be\/index.php?rest_route=\/wp\/v2\/types\/page"}],"author":[{"embeddable":true,"href":"https:\/\/daniel.debaste.be\/index.php?rest_route=\/wp\/v2\/users\/1"}],"replies":[{"embeddable":true,"href":"https:\/\/daniel.debaste.be\/index.php?rest_route=%2Fwp%2Fv2%2Fcomments&post=36"}],"version-history":[{"count":12,"href":"https:\/\/daniel.debaste.be\/index.php?rest_route=\/wp\/v2\/pages\/36\/revisions"}],"predecessor-version":[{"id":242,"href":"https:\/\/daniel.debaste.be\/index.php?rest_route=\/wp\/v2\/pages\/36\/revisions\/242"}],"up":[{"embeddable":true,"href":"https:\/\/daniel.debaste.be\/index.php?rest_route=\/wp\/v2\/pages\/18"}],"wp:attachment":[{"href":"https:\/\/daniel.debaste.be\/index.php?rest_route=%2Fwp%2Fv2%2Fmedia&parent=36"}],"curies":[{"name":"wp","href":"https:\/\/api.w.org\/{rel}","templated":true}]}}