{"id":28,"date":"2020-07-07T17:51:23","date_gmt":"2020-07-07T15:51:23","guid":{"rendered":"https:\/\/daniel.debaste.be\/?page_id=28"},"modified":"2020-07-13T17:41:58","modified_gmt":"2020-07-13T15:41:58","slug":"040-sautons-le-pas","status":"publish","type":"page","link":"https:\/\/daniel.debaste.be\/?page_id=28","title":{"rendered":"Sautons le pas"},"content":{"rendered":"\n<p>Vos connaissances sont trop minimales ou vous souhaitez l\u00e9guer la t\u00e2che \u00e0 quelqu\u2019un\u00a0? Aucun souci. Je suis l\u00e0 pour cela et c\u2019est ensemble que nous y arriverons. Il vous suffit de <a href=\"https:\/\/daniel.debaste.be\/?page_id=161\" target=\"_blank\" rel=\"noreferrer noopener\">prendre rendez-vous, votre ordinateur et vous<\/a>.<\/p>\n\n\n\n<p>Quelques informations utiles pour le bon fonctionnement du services\u00a0:<\/p>\n\n\n\n<ul class=\"wp-block-list\"><li>Il faut venir avec votre ordinateur portable ou l\u2019unit\u00e9 centrale de votre ordinateur de bureau.<\/li><li>Si votre ordinateur fonctionne, faites une copie de vos donn\u00e9es sur un support externe car nous allons devoir les effacer du disque dur de votre machine.<\/li><\/ul>\n\n\n\n<p>S\u2019il ne fonctionne plus, nous tenterons, ensemble, de r\u00e9cup\u00e9rer les donn\u00e9es, gr\u00e2ce \u00e0 Linux. Elles seront remises sur le disque apr\u00e8s l\u2019installation de Linux et seront r\u00e9utilisables en Linux.<\/p>\n\n\n\n<p>Si vous avez des doutes, n\u2019h\u00e9sitez pas \u00e0 me contacter pour poser vos questions. Nous pouvons \u00e9galement organiser une d\u00e9monstration afin de vous aider \u00e0 prendre une d\u00e9cision.<\/p>\n\n\n\n<p><span style=\"text-decoration: underline;\">A suivre :<\/span><\/p>\n\n\n\n<ul class=\"wp-block-list\"><li><a href=\"https:\/\/daniel.debaste.be\/?page_id=36\">Et si Linux ne me convient pas ?<\/a><\/li><li><a href=\"https:\/\/daniel.debaste.be\/?page_id=40\">Tout cela gratuitement ?<\/a><\/li><\/ul>\n","protected":false},"excerpt":{"rendered":"<p>Vos connaissances sont trop minimales ou vous souhaitez l\u00e9guer la t\u00e2che \u00e0 quelqu\u2019un\u00a0? Aucun souci. Je suis l\u00e0 pour cela et c\u2019est ensemble que nous y arriverons. Il vous suffit de prendre rendez-vous, votre ordinateur et vous. Quelques informations utiles pour le bon fonctionnement du services\u00a0: Il faut venir avec votre ordinateur portable ou l\u2019unit\u00e9&hellip; <\/p>\n","protected":false},"author":1,"featured_media":0,"parent":18,"menu_order":3,"comment_status":"closed","ping_status":"closed","template":"","meta":{"footnotes":""},"class_list":["post-28","page","type-page","status-publish","hentry"],"_links":{"self":[{"href":"https:\/\/daniel.debaste.be\/index.php?rest_route=\/wp\/v2\/pages\/28"}],"collection":[{"href":"https:\/\/daniel.debaste.be\/index.php?rest_route=\/wp\/v2\/pages"}],"about":[{"href":"https:\/\/daniel.debaste.be\/index.php?rest_route=\/wp\/v2\/types\/page"}],"author":[{"embeddable":true,"href":"https:\/\/daniel.debaste.be\/index.php?rest_route=\/wp\/v2\/users\/1"}],"replies":[{"embeddable":true,"href":"https:\/\/daniel.debaste.be\/index.php?rest_route=%2Fwp%2Fv2%2Fcomments&post=28"}],"version-history":[{"count":8,"href":"https:\/\/daniel.debaste.be\/index.php?rest_route=\/wp\/v2\/pages\/28\/revisions"}],"predecessor-version":[{"id":216,"href":"https:\/\/daniel.debaste.be\/index.php?rest_route=\/wp\/v2\/pages\/28\/revisions\/216"}],"up":[{"embeddable":true,"href":"https:\/\/daniel.debaste.be\/index.php?rest_route=\/wp\/v2\/pages\/18"}],"wp:attachment":[{"href":"https:\/\/daniel.debaste.be\/index.php?rest_route=%2Fwp%2Fv2%2Fmedia&parent=28"}],"curies":[{"name":"wp","href":"https:\/\/api.w.org\/{rel}","templated":true}]}}