{"id":202,"date":"2020-07-13T15:54:22","date_gmt":"2020-07-13T13:54:22","guid":{"rendered":"https:\/\/daniel.debaste.be\/?page_id=202"},"modified":"2024-04-16T10:10:21","modified_gmt":"2024-04-16T08:10:21","slug":"deja-realise","status":"publish","type":"page","link":"https:\/\/daniel.debaste.be\/","title":{"rendered":"Des ordinateurs pour tous gr\u00e2ce \u00e0 Linux."},"content":{"rendered":"\n<p>D\u00e9pass\u00e9s pour l&#8217;utilisation avec Windows ou Mac-OS-X, ou cass\u00e9s ou r\u00e9put\u00e9s en panne ou trop vieux, les ordinateurs peuvent, gr\u00e2ce \u00e0 de petites interventions et l&#8217;installation de <strong>Linux<\/strong>, trouver une nouvelle vie. Apportez-les moi. Selon le cas, ils seront : <\/p>\n\n\n\n<ul class=\"wp-block-list\">\n<li>pour vous, si vous le d\u00e9sirez;<\/li>\n\n\n\n<li>sinon, s&#8217;il s&#8217;agit d&#8217;ordinateurs portables, ils seront donn\u00e9s \u00e0 des personnes dans le besoin, le plus souvent, \u00e0 des demandeurs d&#8217;asile ou r\u00e9fugi\u00e9s, dont FEDASIL Rixensart ;<\/li>\n\n\n\n<li>Pour le ordinateurs fixes \u00e0 donner, je n&#8217;ai actuellement plus de demandes. J&#8217;esp\u00e8re que l&#8217;une ou l&#8217;autre association se d\u00e9clarera preneuse. Dans ce cas, je peux, bien entendu, me charger du reconditionnement. <\/li>\n<\/ul>\n\n\n\n<h2 class=\"wp-block-heading\">D\u00e9j\u00e0 r\u00e9alis\u00e9<\/h2>\n\n\n\n<figure class=\"wp-block-table\"><table class=\"has-background\" style=\"background-color:#e9fbe5\"><thead><tr><th class=\"has-text-align-left\" data-align=\"left\">Destinataires<\/th><th class=\"has-text-align-center\" data-align=\"center\">Ordinateurs fixes<\/th><th class=\"has-text-align-center\" data-align=\"center\">Laptops<\/th><th class=\"has-text-align-center\" data-align=\"center\">Total<\/th><\/tr><\/thead><tbody><tr><td class=\"has-text-align-left\" data-align=\"left\">FEDASIL Rixensart<\/td><td class=\"has-text-align-center\" data-align=\"center\">76<\/td><td class=\"has-text-align-center\" data-align=\"center\">137<\/td><td class=\"has-text-align-center\" data-align=\"center\">213<\/td><\/tr><tr><td class=\"has-text-align-left\" data-align=\"left\">Devenir<\/td><td class=\"has-text-align-center\" data-align=\"center\">187<\/td><td class=\"has-text-align-center\" data-align=\"center\">37<\/td><td class=\"has-text-align-center\" data-align=\"center\">224<\/td><\/tr><tr><td class=\"has-text-align-left\" data-align=\"left\">Autres<\/td><td class=\"has-text-align-center\" data-align=\"center\">165<\/td><td class=\"has-text-align-center\" data-align=\"center\">225<\/td><td class=\"has-text-align-center\" data-align=\"center\">390<\/td><\/tr><\/tbody><tfoot><tr><td class=\"has-text-align-left\" data-align=\"left\"><strong>Total<\/strong><\/td><td class=\"has-text-align-center\" data-align=\"center\"><strong>428<\/strong><\/td><td class=\"has-text-align-center\" data-align=\"center\"><strong>399<\/strong><\/td><td class=\"has-text-align-center\" data-align=\"center\"><strong>827<\/strong><\/td><\/tr><\/tfoot><\/table><figcaption class=\"wp-element-caption\">Comptage des ordinateurs sauv\u00e9s entre mai 2017 et mars 2026<\/figcaption><\/figure>\n\n\n\n<p><\/p>\n\n\n\n<p><\/p>\n","protected":false},"excerpt":{"rendered":"<p>D\u00e9pass\u00e9s pour l&#8217;utilisation avec Windows ou Mac-OS-X, ou cass\u00e9s ou r\u00e9put\u00e9s en panne ou trop vieux, les ordinateurs peuvent, gr\u00e2ce \u00e0 de petites interventions et l&#8217;installation de Linux, trouver une nouvelle vie. Apportez-les moi. Selon le cas, ils seront :<\/p>\n","protected":false},"author":1,"featured_media":0,"parent":18,"menu_order":7,"comment_status":"closed","ping_status":"closed","template":"","meta":{"footnotes":""},"class_list":["post-202","page","type-page","status-publish","hentry"],"_links":{"self":[{"href":"https:\/\/daniel.debaste.be\/index.php?rest_route=\/wp\/v2\/pages\/202"}],"collection":[{"href":"https:\/\/daniel.debaste.be\/index.php?rest_route=\/wp\/v2\/pages"}],"about":[{"href":"https:\/\/daniel.debaste.be\/index.php?rest_route=\/wp\/v2\/types\/page"}],"author":[{"embeddable":true,"href":"https:\/\/daniel.debaste.be\/index.php?rest_route=\/wp\/v2\/users\/1"}],"replies":[{"embeddable":true,"href":"https:\/\/daniel.debaste.be\/index.php?rest_route=%2Fwp%2Fv2%2Fcomments&post=202"}],"version-history":[{"count":11,"href":"https:\/\/daniel.debaste.be\/index.php?rest_route=\/wp\/v2\/pages\/202\/revisions"}],"predecessor-version":[{"id":284,"href":"https:\/\/daniel.debaste.be\/index.php?rest_route=\/wp\/v2\/pages\/202\/revisions\/284"}],"up":[{"embeddable":true,"href":"https:\/\/daniel.debaste.be\/index.php?rest_route=\/wp\/v2\/pages\/18"}],"wp:attachment":[{"href":"https:\/\/daniel.debaste.be\/index.php?rest_route=%2Fwp%2Fv2%2Fmedia&parent=202"}],"curies":[{"name":"wp","href":"https:\/\/api.w.org\/{rel}","templated":true}]}}