{"id":18,"date":"2020-07-07T11:42:09","date_gmt":"2020-07-07T09:42:09","guid":{"rendered":"https:\/\/daniel.debaste.be\/?page_id=18"},"modified":"2020-07-07T18:28:26","modified_gmt":"2020-07-07T16:28:26","slug":"une-nouvelle-vie-pour-votre-pc","status":"publish","type":"page","link":"https:\/\/daniel.debaste.be\/?page_id=18","title":{"rendered":"Une nouvelle vie pour votre PC"},"content":{"rendered":"\n<p>D\u00e9mod\u00e9, lent, \u00e0 nettoyer, \u2026 Vous ne savez plus que faire de votre ordinateur&nbsp;? Une chose est certaine, il ne faut pas le jeter&nbsp;! Gr\u00e2ce \u00e0 <strong>Linux<\/strong>, je lui offre une nouvelle vie.<\/p>\n\n\n\n<p>Totalement gratuitement, je r\u00e9pare votre machine :<\/p>\n\n\n\n<ul class=\"wp-block-list\"><li>pour vous m\u00eame;<\/li><li>pour <strong>l&#8217;offrir \u00e0 une famille dans le besoin<\/strong>, via mes contacts avec divers organismes.<\/li><\/ul>\n\n\n\n<p><span style=\"text-decoration: underline;\">A suivre :<\/span><\/p>\n\n\n\n<ul class=\"wp-block-list\"><li><a href=\"https:\/\/daniel.debaste.be\/?page_id=21\">Linux, c\u2019est quoi ?<\/a><\/li><li><a href=\"https:\/\/daniel.debaste.be\/?page_id=24\">Pourquoi voit-on peu Linux ?<\/a><\/li><li><a href=\"https:\/\/daniel.debaste.be\/?page_id=28\">Sautons le pas<\/a><\/li><li><a href=\"https:\/\/daniel.debaste.be\/?page_id=36\">Et si Linux ne me convient pas ?<\/a><\/li><li><a href=\"https:\/\/daniel.debaste.be\/?page_id=40\">Tout cela gratuitement ?<\/a><\/li><\/ul>\n\n\n\n<p><\/p>\n\n\n\n<p><\/p>\n","protected":false},"excerpt":{"rendered":"<p>D\u00e9mod\u00e9, lent, \u00e0 nettoyer, \u2026 Vous ne savez plus que faire de votre ordinateur&nbsp;? Une chose est certaine, il ne faut pas le jeter&nbsp;! Gr\u00e2ce \u00e0 Linux, je lui offre une nouvelle vie. Totalement gratuitement, je r\u00e9pare votre machine : pour vous m\u00eame; pour l&#8217;offrir \u00e0 une famille dans le besoin, via mes contacts avec&hellip; <\/p>\n","protected":false},"author":1,"featured_media":0,"parent":0,"menu_order":1,"comment_status":"closed","ping_status":"closed","template":"","meta":{"footnotes":""},"class_list":["post-18","page","type-page","status-publish","hentry"],"_links":{"self":[{"href":"https:\/\/daniel.debaste.be\/index.php?rest_route=\/wp\/v2\/pages\/18"}],"collection":[{"href":"https:\/\/daniel.debaste.be\/index.php?rest_route=\/wp\/v2\/pages"}],"about":[{"href":"https:\/\/daniel.debaste.be\/index.php?rest_route=\/wp\/v2\/types\/page"}],"author":[{"embeddable":true,"href":"https:\/\/daniel.debaste.be\/index.php?rest_route=\/wp\/v2\/users\/1"}],"replies":[{"embeddable":true,"href":"https:\/\/daniel.debaste.be\/index.php?rest_route=%2Fwp%2Fv2%2Fcomments&post=18"}],"version-history":[{"count":9,"href":"https:\/\/daniel.debaste.be\/index.php?rest_route=\/wp\/v2\/pages\/18\/revisions"}],"predecessor-version":[{"id":125,"href":"https:\/\/daniel.debaste.be\/index.php?rest_route=\/wp\/v2\/pages\/18\/revisions\/125"}],"wp:attachment":[{"href":"https:\/\/daniel.debaste.be\/index.php?rest_route=%2Fwp%2Fv2%2Fmedia&parent=18"}],"curies":[{"name":"wp","href":"https:\/\/api.w.org\/{rel}","templated":true}]}}